{"id":116,"date":"2017-04-03T22:20:06","date_gmt":"2017-04-03T21:20:06","guid":{"rendered":"http:\/\/www.flexsan.com\/?page_id=116"},"modified":"2017-06-05T18:34:58","modified_gmt":"2017-06-05T17:34:58","slug":"flexografia","status":"publish","type":"page","link":"https:\/\/www.flexsan.com\/en\/servicios\/flexografia\/","title":{"rendered":"Flexography"},"content":{"rendered":"<p class=\"qtranxs-available-languages-message qtranxs-available-languages-message-en\">Sorry, this entry is only available in <a href=\"https:\/\/www.flexsan.com\/es\/wp-json\/wp\/v2\/pages\/116\" class=\"qtranxs-available-language-link qtranxs-available-language-link-es\" title=\"Espa\u00f1ol\">Espa\u00f1ol<\/a>.<\/p><p><img loading=\"lazy\" decoding=\"async\" class=\"aligncenter size-thumbnail wp-image-212\" src=\"http:\/\/www.flexsan.com\/wp-content\/uploads\/2017\/05\/caja_icon-150x122.png\" alt=\"\" width=\"150\" height=\"122\" \/><\/p>\n<h3 style=\"text-align: center;\"><strong>Cart\u00f3n Ondulado<\/strong><\/h3>\n<p>Tradicionalmente se ha utilizado el fotopol\u00edmero l\u00edquido para la impresi\u00f3n sobre cart\u00f3n ondulado, permitiendo una alta productividad. Sin embargo, las nuevas exigencias de dise\u00f1o y calidad requerida en los embalajes de cart\u00f3n han hecho evolucionar las formulaciones del material, de modo que se utilicen combinaciones de fotopol\u00edmero l\u00edquido y planchas digitales para conseguir los mejores resultados, adapt\u00e1ndose a las necesidades de cada dise\u00f1o.<\/p>\n<p><div class=\"row\"><div class=\"col-md-6\"><p><img loading=\"lazy\" decoding=\"async\" class=\"size-full wp-image-168 aligncenter\" src=\"http:\/\/www.flexsan.com\/wp-content\/uploads\/2017\/05\/foto_carton2.jpg\" alt=\"\" width=\"450\" height=\"321\" \/><\/p>\n<h5 style=\"text-align: center;\"><\/p><\/div>\n<div class=\"col-md-6\"><p><img loading=\"lazy\" decoding=\"async\" class=\"wp-image-170 size-full aligncenter\" src=\"http:\/\/www.flexsan.com\/wp-content\/uploads\/2017\/05\/foto_carton.jpg\" alt=\"\" width=\"450\" height=\"321\" \/><\/p><\/div><\/div><!--more--><\/h5>\n<p><img loading=\"lazy\" decoding=\"async\" class=\"aligncenter size-thumbnail wp-image-214\" src=\"http:\/\/www.flexsan.com\/wp-content\/uploads\/2017\/05\/bolsa-150x150.png\" alt=\"\" width=\"140\" height=\"140\" srcset=\"https:\/\/www.flexsan.com\/wp-content\/uploads\/2017\/05\/bolsa-150x150.png 150w, https:\/\/www.flexsan.com\/wp-content\/uploads\/2017\/05\/bolsa-90x90.png 90w, https:\/\/www.flexsan.com\/wp-content\/uploads\/2017\/05\/bolsa-64x64.png 64w\" sizes=\"auto, (max-width: 140px) 100vw, 140px\" \/><\/p>\n<h3 style=\"text-align: center;\"><strong>Embalaje Flexible<\/strong><\/h3>\n<p>Desde el saco de rafia hasta el embalaje transparente, pasando por la bolsa de pl\u00e1stico, todos estos soportes tienen unos condicionantes y necesidades particulares que abarcan la totalidad de grosores existentes en planchas flexogr\u00e1ficas.<\/p>\n<p>Disponemos de un amplio abanico de planchas para satisfacer cualquier necesidad de acabado y exigencia a la hora de imprimir sobre los citados soportes.<\/p>\n<p><div class=\"row\"><div class=\"col-md-6\"><p><img loading=\"lazy\" decoding=\"async\" class=\"size-full wp-image-168 aligncenter\" src=\"http:\/\/www.flexsan.com\/wp-content\/uploads\/2017\/05\/foto_bolsa.jpg\" alt=\"\" width=\"450\" height=\"321\" \/><\/p>\n<h5 style=\"text-align: center;\"><\/p><\/div>\n<div class=\"col-md-6\"><p><img loading=\"lazy\" decoding=\"async\" class=\"wp-image-170 size-full aligncenter\" src=\"http:\/\/www.flexsan.com\/wp-content\/uploads\/2017\/05\/foto_bolsa2.jpg\" alt=\"\" width=\"450\" height=\"321\" \/><\/p><\/div><\/div><!--more--><\/h5>\n<p><img loading=\"lazy\" decoding=\"async\" class=\"aligncenter size-thumbnail wp-image-215\" src=\"http:\/\/www.flexsan.com\/wp-content\/uploads\/2017\/05\/etiqueta_icon-150x122.png\" alt=\"\" width=\"150\" height=\"122\" \/><\/p>\n<h3 style=\"text-align: center;\"><strong>Etiquetas y estuchados<\/strong><\/h3>\n<p>El etiquetado y estuchado son los soportes que m\u00e1s han forzado la evoluci\u00f3n de la flexograf\u00eda debido a sus peque\u00f1as \u00e1reas de impresi\u00f3n y necesidad de gran detalle en peque\u00f1os tama\u00f1os. El mercado del etiquetaje en particular se ha convertido en la punta de lanza que obliga a la industria a adpotar las nuevas tecnolog\u00edas que permiten impresiones de alta calidad.<\/p>\n<p><div class=\"row\"><div class=\"col-md-6\"><p><img loading=\"lazy\" decoding=\"async\" class=\"size-full wp-image-168 aligncenter\" src=\"http:\/\/www.flexsan.com\/wp-content\/uploads\/2017\/05\/foto_etiqueta2.jpg\" alt=\"\" width=\"450\" height=\"321\" \/><\/p>\n<h5 style=\"text-align: center;\"><\/p><\/div>\n<div class=\"col-md-6\"><p><img loading=\"lazy\" decoding=\"async\" class=\"wp-image-170 size-full aligncenter\" src=\"http:\/\/www.flexsan.com\/wp-content\/uploads\/2017\/05\/foto_etiqueta.jpg\" alt=\"\" width=\"450\" height=\"321\" \/><\/p><\/div><\/div><!--more--><\/h5>\n<p><img loading=\"lazy\" decoding=\"async\" class=\"aligncenter size-thumbnail wp-image-215\" src=\"http:\/\/www.flexsan.com\/wp-content\/uploads\/2017\/06\/corte-icon.png\" alt=\"\" width=\"165\" height=\"150\" \/><\/p>\n<h3 style=\"text-align: center;\"><strong>Corte selectivo de clich\u00e9s<\/strong><\/h3>\n<p>El <strong>Grupo Flexsan<\/strong> ha incorporado al servicio de ALTA DEFINICI\u00d3N un nuevo <strong>corte selectivo de precisi\u00f3n,<\/strong> con el que poder realizar impresiones de modo continuo sin que se perciba sobre el sustrato ning\u00fan corte de acabado y comienzo de la imagen.<\/p>\n<p>Este corte de alta precisi\u00f3n se realiza mediante un software con resultados comparables a la realizaci\u00f3n de camisas grabadas en continuo para tal fin.<\/p>\n<p>Adem\u00e1s de aportar el efecto continuo, el cilindro, al no llevar comienzo y final de plancha, permite una mejora importante en el manejo de la impresora, observ\u00e1ndose una marcha m\u00e1s suave que con los clich\u00e9s presentados hasta ahora con el corte recto.<\/p>\n<p>Una ventaja a\u00f1adida es la <strong>garant\u00eda de sujeci\u00f3n<\/strong> sobre el cilindro porta-clich\u00e9s, evitando la posibilidad de despegado del clich\u00e9 en marcha por efecto de inercia y tensi\u00f3n que siempre ofrecen los clich\u00e9s en la uni\u00f3n.<\/p>\n<p><div class=\"row\"><\/div><div class=\"col-md-6\"><p><img loading=\"lazy\" decoding=\"async\" class=\"size-full wp-image-168 aligncenter\" src=\"http:\/\/www.flexsan.com\/wp-content\/uploads\/2017\/06\/Corte.selectivo.jpg\" alt=\"\" width=\"450\" height=\"321\" \/><\/p>\n<h5 style=\"text-align: center;\"><\/p><\/div><\/p>","protected":false},"excerpt":{"rendered":"<p>Sorry, this entry is only available in Espa\u00f1ol. Cart\u00f3n Ondulado Tradicionalmente se ha utilizado el fotopol\u00edmero l\u00edquido para la impresi\u00f3n sobre cart\u00f3n ondulado, permitiendo una alta productividad. Sin embargo, las nuevas exigencias de dise\u00f1o y calidad requerida en los embalajes de cart\u00f3n han hecho evolucionar las formulaciones del material, de modo que se utilicen combinaciones30<\/p>\n","protected":false},"author":1,"featured_media":0,"parent":16,"menu_order":1,"comment_status":"closed","ping_status":"closed","template":"page-fullwidth.php","meta":{"footnotes":""},"class_list":["post-116","page","type-page","status-publish","hentry"],"_links":{"self":[{"href":"https:\/\/www.flexsan.com\/en\/wp-json\/wp\/v2\/pages\/116","targetHints":{"allow":["GET"]}}],"collection":[{"href":"https:\/\/www.flexsan.com\/en\/wp-json\/wp\/v2\/pages"}],"about":[{"href":"https:\/\/www.flexsan.com\/en\/wp-json\/wp\/v2\/types\/page"}],"author":[{"embeddable":true,"href":"https:\/\/www.flexsan.com\/en\/wp-json\/wp\/v2\/users\/1"}],"replies":[{"embeddable":true,"href":"https:\/\/www.flexsan.com\/en\/wp-json\/wp\/v2\/comments?post=116"}],"version-history":[{"count":26,"href":"https:\/\/www.flexsan.com\/en\/wp-json\/wp\/v2\/pages\/116\/revisions"}],"predecessor-version":[{"id":274,"href":"https:\/\/www.flexsan.com\/en\/wp-json\/wp\/v2\/pages\/116\/revisions\/274"}],"up":[{"embeddable":true,"href":"https:\/\/www.flexsan.com\/en\/wp-json\/wp\/v2\/pages\/16"}],"wp:attachment":[{"href":"https:\/\/www.flexsan.com\/en\/wp-json\/wp\/v2\/media?parent=116"}],"curies":[{"name":"wp","href":"https:\/\/api.w.org\/{rel}","templated":true}]}}