{"id":119,"date":"2017-04-03T22:22:35","date_gmt":"2017-04-03T21:22:35","guid":{"rendered":"http:\/\/www.flexsan.com\/?page_id=119"},"modified":"2017-05-19T12:14:38","modified_gmt":"2017-05-19T11:14:38","slug":"diseno-grafico","status":"publish","type":"page","link":"https:\/\/www.flexsan.com\/en\/servicios\/diseno-grafico\/","title":{"rendered":"Dise\u00f1o gr\u00e1fico"},"content":{"rendered":"<p class=\"qtranxs-available-languages-message qtranxs-available-languages-message-en\">Sorry, this entry is only available in <a href=\"https:\/\/www.flexsan.com\/es\/wp-json\/wp\/v2\/pages\/119\" class=\"qtranxs-available-language-link qtranxs-available-language-link-es\" title=\"Espa\u00f1ol\">Espa\u00f1ol<\/a>.<\/p><p>Flexsan cuenta con un amplio y experimentado equipo de <strong>pre-impresores y dise\u00f1adores gr\u00e1ficos<\/strong> especializados en flexograf\u00eda que, apoyados por el flujo de trabajo ESKO, encaran cada proyecto con el objetivo de facilitar la tarea del impresor y, de este modo, evitar retrasos que afecten la productividad del cliente.<\/p>\n<p>El departamento de dise\u00f1o y preimpresi\u00f3n es, tras el departamento comercial, el primero en tramitar los pedidos de un cliente, lo que le convierte en una pieza clave en la fase de producci\u00f3n. Por este motivo nos hemos rodeado de una decena de profesionales con amplia experiencia en el sector que se reparten en 2 subdepartamentos: <em><strong>FLEXO-L\u00cdQUIDO<\/strong> <\/em>y <em><strong>FLEXO-S\u00d3LIDO<\/strong><\/em> con el objetivo de dar un servicio especializado que d\u00e9 respuestas satisfactorias a las necesidades de nuestros clientes.<\/p>\n<p><div class=\"row\"><div class=\"col-md-6\"><p><img loading=\"lazy\" decoding=\"async\" class=\"size-full wp-image-168 aligncenter\" src=\"http:\/\/www.flexsan.com\/wp-content\/uploads\/2017\/04\/foto_preimpresion1.jpg\" alt=\"\" width=\"450\" height=\"321\" srcset=\"https:\/\/www.flexsan.com\/wp-content\/uploads\/2017\/04\/foto_preimpresion1.jpg 450w, https:\/\/www.flexsan.com\/wp-content\/uploads\/2017\/04\/foto_preimpresion1-300x214.jpg 300w\" sizes=\"auto, (max-width: 450px) 100vw, 450px\" \/><\/p>\n<h5 style=\"text-align: center;\">El departamento de pre-impresi\u00f3n cuenta con una docena de profesionales.<\/p><\/div>\n<div class=\"col-md-6\"><p><img loading=\"lazy\" decoding=\"async\" class=\"wp-image-170 size-full aligncenter\" src=\"http:\/\/www.flexsan.com\/wp-content\/uploads\/2017\/04\/foto_preimpresion2.jpg\" alt=\"\" width=\"450\" height=\"321\" srcset=\"https:\/\/www.flexsan.com\/wp-content\/uploads\/2017\/04\/foto_preimpresion2.jpg 450w, https:\/\/www.flexsan.com\/wp-content\/uploads\/2017\/04\/foto_preimpresion2-300x214.jpg 300w\" sizes=\"auto, (max-width: 450px) 100vw, 450px\" \/><\/p><\/div><\/div><!--more--><\/h5>\n<p><\/p>","protected":false},"excerpt":{"rendered":"<p>Sorry, this entry is only available in Espa\u00f1ol.Flexsan cuenta con un amplio y experimentado equipo de pre-impresores y dise\u00f1adores gr\u00e1ficos especializados en flexograf\u00eda que, apoyados por el flujo de trabajo ESKO, encaran cada proyecto con el objetivo de facilitar la tarea del impresor y, de este modo, evitar retrasos que afecten la productividad del cliente.30<\/p>\n","protected":false},"author":1,"featured_media":0,"parent":16,"menu_order":2,"comment_status":"closed","ping_status":"closed","template":"page-fullwidth.php","meta":{"footnotes":""},"class_list":["post-119","page","type-page","status-publish","hentry"],"_links":{"self":[{"href":"https:\/\/www.flexsan.com\/en\/wp-json\/wp\/v2\/pages\/119","targetHints":{"allow":["GET"]}}],"collection":[{"href":"https:\/\/www.flexsan.com\/en\/wp-json\/wp\/v2\/pages"}],"about":[{"href":"https:\/\/www.flexsan.com\/en\/wp-json\/wp\/v2\/types\/page"}],"author":[{"embeddable":true,"href":"https:\/\/www.flexsan.com\/en\/wp-json\/wp\/v2\/users\/1"}],"replies":[{"embeddable":true,"href":"https:\/\/www.flexsan.com\/en\/wp-json\/wp\/v2\/comments?post=119"}],"version-history":[{"count":20,"href":"https:\/\/www.flexsan.com\/en\/wp-json\/wp\/v2\/pages\/119\/revisions"}],"predecessor-version":[{"id":201,"href":"https:\/\/www.flexsan.com\/en\/wp-json\/wp\/v2\/pages\/119\/revisions\/201"}],"up":[{"embeddable":true,"href":"https:\/\/www.flexsan.com\/en\/wp-json\/wp\/v2\/pages\/16"}],"wp:attachment":[{"href":"https:\/\/www.flexsan.com\/en\/wp-json\/wp\/v2\/media?parent=119"}],"curies":[{"name":"wp","href":"https:\/\/api.w.org\/{rel}","templated":true}]}}