{"id":138,"date":"2017-04-03T23:21:04","date_gmt":"2017-04-03T22:21:04","guid":{"rendered":"http:\/\/www.flexsan.com\/?page_id=138"},"modified":"2019-05-03T21:46:46","modified_gmt":"2019-05-03T20:46:46","slug":"cookies","status":"publish","type":"page","link":"https:\/\/www.flexsan.com\/en\/cookies\/","title":{"rendered":"Cookies"},"content":{"rendered":"<p class=\"qtranxs-available-languages-message qtranxs-available-languages-message-en\">Sorry, this entry is only available in <a href=\"https:\/\/www.flexsan.com\/es\/wp-json\/wp\/v2\/pages\/138\" class=\"qtranxs-available-language-link qtranxs-available-language-link-es\" title=\"Espa\u00f1ol\">Espa\u00f1ol<\/a>.<\/p><p>El sitio Web de flexsan.com utiliza cookies (peque\u00f1os archivos de informaci\u00f3n que el servidor env\u00eda al ordenador de quien accede a la p\u00e1gina) en la medida imprescindible para el correcto funcionamiento y visualizaci\u00f3n del sitio Web por parte del usuario.<\/p>\n<p>Las cookies utilizadas en el sitio web tienen, en todo caso, car\u00e1cter temporal y desaparecen al terminar la sesi\u00f3n del usuario. En ning\u00fan caso se utilizar\u00e1n las cookies para recoger informaci\u00f3n de car\u00e1cter personal.<\/p>\n<p><strong>Cookies que se utilizan en este sitio<\/strong><\/p>\n<p><em>qtrans_front_language<\/em>: cookie t\u00e9cnica y estrictamente necesaria que contiene el identificador del idioma de navegaci\u00f3n. Caduca en 1 a\u00f1o<br \/>\n<em>euCookie<\/em>: cookie t\u00e9cnica que almacena la aceptaci\u00f3n expl\u00edcita de las cookies por parte del visitante. Caduca en 1 mes<\/p>","protected":false},"excerpt":{"rendered":"<p>Sorry, this entry is only available in Espa\u00f1ol.El sitio Web de flexsan.com utiliza cookies (peque\u00f1os archivos de informaci\u00f3n que el servidor env\u00eda al ordenador de quien accede a la p\u00e1gina) en la medida imprescindible para el correcto funcionamiento y visualizaci\u00f3n del sitio Web por parte del usuario. Las cookies utilizadas en el sitio web tienen,30<\/p>\n","protected":false},"author":1,"featured_media":0,"parent":0,"menu_order":0,"comment_status":"closed","ping_status":"closed","template":"page-fullwidth.php","meta":{"footnotes":""},"class_list":["post-138","page","type-page","status-publish","hentry"],"_links":{"self":[{"href":"https:\/\/www.flexsan.com\/en\/wp-json\/wp\/v2\/pages\/138","targetHints":{"allow":["GET"]}}],"collection":[{"href":"https:\/\/www.flexsan.com\/en\/wp-json\/wp\/v2\/pages"}],"about":[{"href":"https:\/\/www.flexsan.com\/en\/wp-json\/wp\/v2\/types\/page"}],"author":[{"embeddable":true,"href":"https:\/\/www.flexsan.com\/en\/wp-json\/wp\/v2\/users\/1"}],"replies":[{"embeddable":true,"href":"https:\/\/www.flexsan.com\/en\/wp-json\/wp\/v2\/comments?post=138"}],"version-history":[{"count":5,"href":"https:\/\/www.flexsan.com\/en\/wp-json\/wp\/v2\/pages\/138\/revisions"}],"predecessor-version":[{"id":325,"href":"https:\/\/www.flexsan.com\/en\/wp-json\/wp\/v2\/pages\/138\/revisions\/325"}],"wp:attachment":[{"href":"https:\/\/www.flexsan.com\/en\/wp-json\/wp\/v2\/media?parent=138"}],"curies":[{"name":"wp","href":"https:\/\/api.w.org\/{rel}","templated":true}]}}