{"id":14,"date":"2017-03-24T19:38:03","date_gmt":"2017-03-24T19:38:03","guid":{"rendered":"http:\/\/www.flexsan.com\/?page_id=14"},"modified":"2017-05-19T17:24:23","modified_gmt":"2017-05-19T16:24:23","slug":"grupo-flexsan","status":"publish","type":"page","link":"https:\/\/www.flexsan.com\/en\/","title":{"rendered":"Flexsan Group"},"content":{"rendered":"<p><\/p>\n<h1 style=\"text-align: center;\">Flexan Group<\/h1>\n<p><\/p>","protected":false},"excerpt":{"rendered":"<p>Sorry, this entry is only available in Espa\u00f1ol. El grupo Flexsan Industrial Comercial S. L. nace en Le\u00f3n en 1947 de la mano de un aut\u00e9ntico emprendedor, Santos Alonso Prieto, que deja marcado el camino que siguientes generaciones a\u00fan hoy en d\u00eda pretenden seguir: Calidad del producto y un servicio al cliente que nos haga30<\/p>\n","protected":false},"author":1,"featured_media":0,"parent":0,"menu_order":0,"comment_status":"closed","ping_status":"closed","template":"page-fullwidth.php","meta":{"footnotes":""},"class_list":["post-14","page","type-page","status-publish","hentry"],"_links":{"self":[{"href":"https:\/\/www.flexsan.com\/en\/wp-json\/wp\/v2\/pages\/14","targetHints":{"allow":["GET"]}}],"collection":[{"href":"https:\/\/www.flexsan.com\/en\/wp-json\/wp\/v2\/pages"}],"about":[{"href":"https:\/\/www.flexsan.com\/en\/wp-json\/wp\/v2\/types\/page"}],"author":[{"embeddable":true,"href":"https:\/\/www.flexsan.com\/en\/wp-json\/wp\/v2\/users\/1"}],"replies":[{"embeddable":true,"href":"https:\/\/www.flexsan.com\/en\/wp-json\/wp\/v2\/comments?post=14"}],"version-history":[{"count":28,"href":"https:\/\/www.flexsan.com\/en\/wp-json\/wp\/v2\/pages\/14\/revisions"}],"predecessor-version":[{"id":243,"href":"https:\/\/www.flexsan.com\/en\/wp-json\/wp\/v2\/pages\/14\/revisions\/243"}],"wp:attachment":[{"href":"https:\/\/www.flexsan.com\/en\/wp-json\/wp\/v2\/media?parent=14"}],"curies":[{"name":"wp","href":"https:\/\/api.w.org\/{rel}","templated":true}]}}