{"id":121,"date":"2017-04-03T22:23:19","date_gmt":"2017-04-03T21:23:19","guid":{"rendered":"http:\/\/www.flexsan.com\/?page_id=121"},"modified":"2017-05-19T12:31:06","modified_gmt":"2017-05-19T11:31:06","slug":"pruebas-de-color","status":"publish","type":"page","link":"https:\/\/www.flexsan.com\/es\/servicios\/pruebas-de-color\/","title":{"rendered":"Pruebas de color"},"content":{"rendered":"<p>Integrado en el flujo de ESKO ofrecemos el servicio de realizaci\u00f3n de pruebas de contrato a trav\u00e9s de la realizaci\u00f3n de muestras de impresi\u00f3n para el cliente y su posterior lectura de parches de color.<\/p>\n<p>Una vez obtenidos los datos del perfil de color de la m\u00e1quina impresora del cliente se procede a la simulaci\u00f3n por parte del plotter para poder asegurar el resultado final del trabajo.<\/p>\n<p>Obtendr\u00e1 una prueba de pre-impresi\u00f3n certificada por nuestro sistema de color integrado. Recibir\u00e1 los originales que podr\u00e1 presentar a su impresor como requerimiento de color.<\/p>\n<p><div class=\"row\"><div class=\"col-md-6\"><p><img loading=\"lazy\" decoding=\"async\" class=\"size-full wp-image-168 aligncenter\" src=\"http:\/\/www.flexsan.com\/wp-content\/uploads\/2017\/05\/foto_prueba-color3.jpg\" alt=\"\" width=\"450\" height=\"321\" \/><\/p>\n<h5 style=\"text-align: center;\"><\/p><\/div>\n<div class=\"col-md-6\"><p><img loading=\"lazy\" decoding=\"async\" class=\"wp-image-170 size-full aligncenter\" src=\"http:\/\/www.flexsan.com\/wp-content\/uploads\/2017\/05\/foto_prueba-color2.jpg\" alt=\"\" width=\"450\" height=\"321\" \/><\/p><\/div><\/div><!--more--><\/h5>\n<p><\/p>","protected":false},"excerpt":{"rendered":"<p>Integrado en el flujo de ESKO ofrecemos el servicio de realizaci\u00f3n de pruebas de contrato a trav\u00e9s de la realizaci\u00f3n de muestras de impresi\u00f3n para el cliente y su posterior lectura de parches de color. Una vez obtenidos los datos del perfil de color de la m\u00e1quina impresora del cliente se procede a la simulaci\u00f3n30<\/p>\n","protected":false},"author":1,"featured_media":0,"parent":16,"menu_order":3,"comment_status":"closed","ping_status":"closed","template":"page-fullwidth.php","meta":{"footnotes":""},"class_list":["post-121","page","type-page","status-publish","hentry"],"_links":{"self":[{"href":"https:\/\/www.flexsan.com\/es\/wp-json\/wp\/v2\/pages\/121","targetHints":{"allow":["GET"]}}],"collection":[{"href":"https:\/\/www.flexsan.com\/es\/wp-json\/wp\/v2\/pages"}],"about":[{"href":"https:\/\/www.flexsan.com\/es\/wp-json\/wp\/v2\/types\/page"}],"author":[{"embeddable":true,"href":"https:\/\/www.flexsan.com\/es\/wp-json\/wp\/v2\/users\/1"}],"replies":[{"embeddable":true,"href":"https:\/\/www.flexsan.com\/es\/wp-json\/wp\/v2\/comments?post=121"}],"version-history":[{"count":10,"href":"https:\/\/www.flexsan.com\/es\/wp-json\/wp\/v2\/pages\/121\/revisions"}],"predecessor-version":[{"id":208,"href":"https:\/\/www.flexsan.com\/es\/wp-json\/wp\/v2\/pages\/121\/revisions\/208"}],"up":[{"embeddable":true,"href":"https:\/\/www.flexsan.com\/es\/wp-json\/wp\/v2\/pages\/16"}],"wp:attachment":[{"href":"https:\/\/www.flexsan.com\/es\/wp-json\/wp\/v2\/media?parent=121"}],"curies":[{"name":"wp","href":"https:\/\/api.w.org\/{rel}","templated":true}]}}