{"id":14,"date":"2017-03-24T19:38:03","date_gmt":"2017-03-24T19:38:03","guid":{"rendered":"http:\/\/www.flexsan.com\/?page_id=14"},"modified":"2017-05-19T17:24:23","modified_gmt":"2017-05-19T16:24:23","slug":"grupo-flexsan","status":"publish","type":"page","link":"https:\/\/www.flexsan.com\/es\/","title":{"rendered":"Grupo Flexsan"},"content":{"rendered":"<p><\/p>\n<p style=\"text-align: left;\">El grupo <strong>Flexsan Industrial Comercial S. L.<\/strong> nace en Le\u00f3n en 1947 de la mano de un aut\u00e9ntico emprendedor, <strong><em>Santos Alonso Prieto,<\/em><\/strong> que deja marcado el camino que siguientes generaciones a\u00fan hoy en d\u00eda pretenden seguir: Calidad del producto y un servicio al cliente que nos haga merecedores de su confianza.<\/p>\n<p>Desde los inicios fabricando sellos de caucho hasta los modernos sistemas para la realizaci\u00f3n de planchas digitales, como el actual sistema ESKO con el que actualmente estamos trabajando, hemos transitado por ese camino marcado en la creaci\u00f3n del grupo acompa\u00f1ados de las siguientes premisas:<br \/>\n<strong>1.<\/strong> <em>Constante innovaci\u00f3n tecnol\u00f3gica e incorporaci\u00f3n de maquinaria que satisfaga la demanda del sector.<\/em><br \/>\n<strong>2.<\/strong> <em>Incorporaci\u00f3n de recursos humanos especializados y actualizados.<\/em><br \/>\n<strong>3.<\/strong> <em>Ampliaci\u00f3n de nuestra gama de productos incorporando aquellos que marcan la evoluci\u00f3n del mercado flexogr\u00e1fico.<\/em><\/p>\n<p><div class=\"row\"><div class=\"col-md-6\"><p><img loading=\"lazy\" decoding=\"async\" class=\"size-full wp-image-168 aligncenter\" src=\"http:\/\/www.flexsan.com\/wp-content\/uploads\/2017\/05\/personal.jpg\" alt=\"\" width=\"450\" height=\"261\" \/><\/p>\n<h5 style=\"text-align: center;\"><\/p><\/div>\n<div class=\"col-md-6\"><p><img loading=\"lazy\" decoding=\"async\" class=\"wp-image-170 size-full aligncenter\" src=\"http:\/\/www.flexsan.com\/wp-content\/uploads\/2017\/05\/nave.jpg\" alt=\"\" width=\"450\" height=\"261\" \/><\/p><\/div><\/div><!--more--><\/h5>\n<p>En estas 6 d\u00e9cadas de historia el Grupo Flexsan ha ido dot\u00e1ndose de maquinaria productiva al tiempo que irrump\u00edan en el mercado innovaciones tecnol\u00f3gicas aplicadas a la impresi\u00f3n flexogr\u00e1fica.<\/p>\n<p><div class=\"row\"><\/div><div class=\"col-md-6\"><p><img loading=\"lazy\" decoding=\"async\" class=\"size-full wp-image-168 aligncenter\" src=\"http:\/\/www.flexsan.com\/wp-content\/uploads\/2017\/05\/maquina_filmadora.jpg\" alt=\"\" width=\"450\" height=\"290\" \/><\/p>\n<h5 style=\"text-align: center;\">Filmadora.<\/p><\/div><br \/>\n<div class=\"col-md-6\"><p><img loading=\"lazy\" decoding=\"async\" class=\"wp-image-170 size-full aligncenter\" src=\"http:\/\/www.flexsan.com\/wp-content\/uploads\/2017\/05\/maquina_horno.jpg\" alt=\"\" width=\"450\" height=\"290\" \/><\/p>\n<h5 style=\"text-align: center;\">Horno.<\/p><\/div><br \/>\n<div class=\"row\"><\/div><div class=\"col-md-6\"><p><img decoding=\"async\" class=\"size-full wp-image-168 aligncenter\" src=\"http:\/\/www.flexsan.com\/wp-content\/uploads\/2017\/05\/maquina_grabadora.jpg\" \/><\/p>\n<h5 style=\"text-align: center;\">Grabadora.<\/p><\/div><br \/>\n<div class=\"col-md-6\"><p><img loading=\"lazy\" decoding=\"async\" class=\"wp-image-170 size-full aligncenter\" src=\"http:\/\/www.flexsan.com\/wp-content\/uploads\/2017\/05\/maquina_LiquiFlex4260.jpg\" alt=\"\" width=\"450\" height=\"290\" \/><\/p>\n<h5 style=\"text-align: center;\">LiquiFlex4260.<\/p><\/div><\/p>","protected":false},"excerpt":{"rendered":"<p>El grupo Flexsan Industrial Comercial S. L. nace en Le\u00f3n en 1947 de la mano de un aut\u00e9ntico emprendedor, Santos Alonso Prieto, que deja marcado el camino que siguientes generaciones a\u00fan hoy en d\u00eda pretenden seguir: Calidad del producto y un servicio al cliente que nos haga merecedores de su confianza. Desde los inicios fabricando30<\/p>\n","protected":false},"author":1,"featured_media":0,"parent":0,"menu_order":0,"comment_status":"closed","ping_status":"closed","template":"page-fullwidth.php","meta":{"footnotes":""},"class_list":["post-14","page","type-page","status-publish","hentry"],"_links":{"self":[{"href":"https:\/\/www.flexsan.com\/es\/wp-json\/wp\/v2\/pages\/14","targetHints":{"allow":["GET"]}}],"collection":[{"href":"https:\/\/www.flexsan.com\/es\/wp-json\/wp\/v2\/pages"}],"about":[{"href":"https:\/\/www.flexsan.com\/es\/wp-json\/wp\/v2\/types\/page"}],"author":[{"embeddable":true,"href":"https:\/\/www.flexsan.com\/es\/wp-json\/wp\/v2\/users\/1"}],"replies":[{"embeddable":true,"href":"https:\/\/www.flexsan.com\/es\/wp-json\/wp\/v2\/comments?post=14"}],"version-history":[{"count":28,"href":"https:\/\/www.flexsan.com\/es\/wp-json\/wp\/v2\/pages\/14\/revisions"}],"predecessor-version":[{"id":243,"href":"https:\/\/www.flexsan.com\/es\/wp-json\/wp\/v2\/pages\/14\/revisions\/243"}],"wp:attachment":[{"href":"https:\/\/www.flexsan.com\/es\/wp-json\/wp\/v2\/media?parent=14"}],"curies":[{"name":"wp","href":"https:\/\/api.w.org\/{rel}","templated":true}]}}