{"id":298,"date":"2018-10-23T11:28:34","date_gmt":"2018-10-23T10:28:34","guid":{"rendered":"http:\/\/www.flexsan.com\/?page_id=298"},"modified":"2018-10-25T11:04:52","modified_gmt":"2018-10-25T10:04:52","slug":"politica-de-calidad","status":"publish","type":"page","link":"https:\/\/www.flexsan.com\/es\/politica-de-calidad\/","title":{"rendered":"Pol\u00edtica de calidad"},"content":{"rendered":"<p>En <strong>FLEXSAN GRUPO<\/strong>, queremos ser punto de referencia en el sector de las artes gr\u00e1ficas, liderando las actividades de pre-impresi\u00f3n a nivel nacional e internacional. Apoyando la innovaci\u00f3n y el desarrollo tecnol\u00f3gico, considerando al cliente parte de equipo de trabajo, ofreciendo un servicio y un soporte t\u00e9cnico profesional y responsable, y con la ilusi\u00f3n, superaci\u00f3n y el compromiso de todos, lograremos la plena satisfacci\u00f3n del cliente, el orgullo de participar en el crecimiento de la empresa y unos resultados que mejoren la calidad de vida de todos.<\/p>\n<p>En la incesante b\u00fasqueda de mejora continua y crecimiento <strong>FLEXSAN GRUPO<\/strong>, se compromete a gestionar seg\u00fan la Norma ISO 9001:2015 para las siguientes actuaciones:<\/p>\n<p><strong>El dise\u00f1o, el grabado y el montaje de clich\u00e9s de resina liquida y fotopol\u00edmero s\u00f3lido para flexograf\u00eda.<\/strong><br \/>\n<strong>Suministro de art\u00edculos de artes gr\u00e1ficas (camisas grabadas, Camisas portaclich\u00e9s, adhesivos, rodillos anilox).<\/strong><\/p>\n<p>Para conseguir una implantaci\u00f3n eficaz, se precisa, en el marco del sistema de calidad, de:<\/p>\n<ul>\n<li>La participaci\u00f3n de todos los recursos, tanto humanos como t\u00e9cnicos.<\/li>\n<li>Alcanzar la m\u00e1xima satisfacci\u00f3n de nuestros clientes.<\/li>\n<li>Aportar soluciones novedosas y personalizadas.<\/li>\n<\/ul>\n<p>Debido a la importancia presente y clave de futuro, la Gerencia declara que:<\/p>\n<ul>\n<li>La CALIDAD y su mejora son responsabilidad de todas y cada una de las personas de la Organizaci\u00f3n y en primer lugar de su GERENTE.<\/li>\n<li>La CALIDAD de nuestro esfuerzo y de nuestra Organizaci\u00f3n, deber\u00e1n orientarse hacia la satisfacci\u00f3n de los CLIENTES.<\/li>\n<li>La CALIDAD es un factor clave en la supervivencia de la Organizaci\u00f3n.<\/li>\n<li>La CALIDAD es consecuencia de una correcta y exhaustiva planificaci\u00f3n, ejecuci\u00f3n y revisi\u00f3n peri\u00f3dica del Sistema de la Calidad.<\/li>\n<li>La CALIDAD y su mejora no pueden darse sin la mejora de los recursos humanos, por ello el Gerente, \u00a0prestar\u00e1 la m\u00e1xima atenci\u00f3n a la formaci\u00f3n de todo el personal de la Organizaci\u00f3n.<\/li>\n<li>La CALIDAD exige actitudes de colaboraci\u00f3n y participaci\u00f3n a TODOS los niveles y para ello, la INFORMACI\u00d3N, DESARROLLO, COMUNICACI\u00d3N y FORMACI\u00d3N son indispensables.<\/li>\n<li>Cumplimiento de todos los requisitos legales y normativos.<\/li>\n<\/ul>\n<div><\/div>\n<div style=\"text-align: center;\">Le\u00f3n, 20 de JUNIO de 2018<\/div>\n<div style=\"text-align: center;\">Fdo: <em><strong>SANTOS ALONSO LOPEZ<\/strong><\/em><\/div>\n<div style=\"text-align: center;\">GERENCIA<\/div>\n<p><\/p>","protected":false},"excerpt":{"rendered":"<p>En FLEXSAN GRUPO, queremos ser punto de referencia en el sector de las artes gr\u00e1ficas, liderando las actividades de pre-impresi\u00f3n a nivel nacional e internacional. Apoyando la innovaci\u00f3n y el desarrollo tecnol\u00f3gico, considerando al cliente parte de equipo de trabajo, ofreciendo un servicio y un soporte t\u00e9cnico profesional y responsable, y con la ilusi\u00f3n, superaci\u00f3n30<\/p>\n","protected":false},"author":1,"featured_media":0,"parent":0,"menu_order":0,"comment_status":"closed","ping_status":"closed","template":"page-fullwidth.php","meta":{"footnotes":""},"class_list":["post-298","page","type-page","status-publish","hentry"],"_links":{"self":[{"href":"https:\/\/www.flexsan.com\/es\/wp-json\/wp\/v2\/pages\/298","targetHints":{"allow":["GET"]}}],"collection":[{"href":"https:\/\/www.flexsan.com\/es\/wp-json\/wp\/v2\/pages"}],"about":[{"href":"https:\/\/www.flexsan.com\/es\/wp-json\/wp\/v2\/types\/page"}],"author":[{"embeddable":true,"href":"https:\/\/www.flexsan.com\/es\/wp-json\/wp\/v2\/users\/1"}],"replies":[{"embeddable":true,"href":"https:\/\/www.flexsan.com\/es\/wp-json\/wp\/v2\/comments?post=298"}],"version-history":[{"count":6,"href":"https:\/\/www.flexsan.com\/es\/wp-json\/wp\/v2\/pages\/298\/revisions"}],"predecessor-version":[{"id":306,"href":"https:\/\/www.flexsan.com\/es\/wp-json\/wp\/v2\/pages\/298\/revisions\/306"}],"wp:attachment":[{"href":"https:\/\/www.flexsan.com\/es\/wp-json\/wp\/v2\/media?parent=298"}],"curies":[{"name":"wp","href":"https:\/\/api.w.org\/{rel}","templated":true}]}}